{"id":15,"date":"2017-02-08T21:53:22","date_gmt":"2017-02-08T20:53:22","guid":{"rendered":"https:\/\/anwalt-buss.de\/?page_id=15"},"modified":"2017-03-09T21:38:59","modified_gmt":"2017-03-09T20:38:59","slug":"anfahrt","status":"publish","type":"page","link":"https:\/\/anwalt-buss.de\/?page_id=15","title":{"rendered":"Anfahrt"},"content":{"rendered":"<h2>Anfahrtsbeschreibung<\/h2>\n<div id=\"imPage\">\n<div id=\"imCel0_01\">\n<div id=\"imCel0_01_Cont\">\n<div id=\"imObj0_01\">\n<p class=\"imAlign_left\"><span class=\"ff2 fc0 fs10 \"><br \/>\nHier haben Sie die M\u00f6glichkeit ihre Route zur Anwaltskanzlei direkt zu planen und anzeigen zu lassen.<br \/>\nDie Adresse lautet wie folgt:<\/span><\/p>\n<p>Rechtsanwalt Edzard Bu\u00df, M\u00fcllers Kamp 1, 26629 Gro\u00dfefehn<\/p>\n<\/div>\n<p>&nbsp;<\/p>\n<\/div>\n<\/div>\n<p><iframe loading=\"lazy\" src=\"https:\/\/www.google.com\/maps\/embed?pb=!1m18!1m12!1m3!1d2378.631912613014!2d7.600099415590202!3d53.40352407812831!2m3!1f0!2f0!3f0!3m2!1i1024!2i768!4f13.1!3m3!1m2!1s0x47b65b8685771f87%3A0x8dada14fb74e39c6!2sM%C3%BCllers+Kamp+1%2C+26629+Gro%C3%9Fefehn!5e0!3m2!1sde!2sde!4v1489088146477\" width=\"600\" height=\"450\" frameborder=\"0\" style=\"border:0\" allowfullscreen><\/iframe><\/p>\n","protected":false},"excerpt":{"rendered":"<p>Anfahrtsbeschreibung Hier haben Sie die M\u00f6glichkeit ihre Route zur Anwaltskanzlei direkt zu planen und anzeigen zu lassen. Die Adresse lautet<\/p>\n","protected":false},"author":1,"featured_media":0,"parent":0,"menu_order":0,"comment_status":"closed","ping_status":"closed","template":"","meta":{"colormag_page_container_layout":"no_sidebar_content_centered","colormag_page_sidebar_layout":"no_sidebar","inline_featured_image":false,"footnotes":""},"class_list":["post-15","page","type-page","status-publish","hentry"],"_links":{"self":[{"href":"https:\/\/anwalt-buss.de\/index.php?rest_route=\/wp\/v2\/pages\/15","targetHints":{"allow":["GET"]}}],"collection":[{"href":"https:\/\/anwalt-buss.de\/index.php?rest_route=\/wp\/v2\/pages"}],"about":[{"href":"https:\/\/anwalt-buss.de\/index.php?rest_route=\/wp\/v2\/types\/page"}],"author":[{"embeddable":true,"href":"https:\/\/anwalt-buss.de\/index.php?rest_route=\/wp\/v2\/users\/1"}],"replies":[{"embeddable":true,"href":"https:\/\/anwalt-buss.de\/index.php?rest_route=%2Fwp%2Fv2%2Fcomments&post=15"}],"version-history":[{"count":0,"href":"https:\/\/anwalt-buss.de\/index.php?rest_route=\/wp\/v2\/pages\/15\/revisions"}],"wp:attachment":[{"href":"https:\/\/anwalt-buss.de\/index.php?rest_route=%2Fwp%2Fv2%2Fmedia&parent=15"}],"curies":[{"name":"wp","href":"https:\/\/api.w.org\/{rel}","templated":true}]}}