{"id":7,"date":"2017-02-08T21:49:06","date_gmt":"2017-02-08T20:49:06","guid":{"rendered":"https:\/\/anwalt-buss.de\/?page_id=7"},"modified":"2026-03-30T18:39:19","modified_gmt":"2026-03-30T16:39:19","slug":"home","status":"publish","type":"page","link":"https:\/\/anwalt-buss.de\/","title":{"rendered":"Home"},"content":{"rendered":"\n<p>  <br><br><br><br><\/p>\n\n\n\n<p><\/p>\n\n\n<p><img decoding=\"async\" class=\"style-svg aligncenter\" src=\"https:\/\/anwalt-buss.de\/wp-content\/uploads\/2017\/02\/scales-310962d.svg\" alt=\"alt-text\" \/><\/p>\n<p style=\"text-align: center;\"><strong>Rechtsanwaltskanzlei Edzard Bu\u00df<\/strong><br \/><strong> M\u00fcllers Kamp 1<\/strong><br \/><strong>26629 Gro\u00dfefehn<\/strong><br \/><strong>Tel.: 04943\/200771<\/strong><br \/><strong>E-Mail: info@anwalt-buss.de<\/strong><\/p>\n\n\n<p><\/p>\n\n\n\n<p><\/p>\n\n\n\n<p><\/p>\n\n\n\n<p class=\"has-medium-font-size\"><br><\/p>\n\n\n\n<p><\/p>\n\n\n\n<p style=\"font-size:30px\"><\/p>\n","protected":false},"excerpt":{"rendered":"<p>Rechtsanwaltskanzlei Edzard Bu\u00df M\u00fcllers Kamp 126629 Gro\u00dfefehnTel.: 04943\/200771E-Mail: info@anwalt-buss.de<\/p>\n","protected":false},"author":1,"featured_media":0,"parent":0,"menu_order":0,"comment_status":"closed","ping_status":"closed","template":"","meta":{"colormag_page_container_layout":"no_sidebar_content_centered","colormag_page_sidebar_layout":"no_sidebar","inline_featured_image":false,"footnotes":""},"class_list":["post-7","page","type-page","status-publish","hentry"],"_links":{"self":[{"href":"https:\/\/anwalt-buss.de\/index.php?rest_route=\/wp\/v2\/pages\/7","targetHints":{"allow":["GET"]}}],"collection":[{"href":"https:\/\/anwalt-buss.de\/index.php?rest_route=\/wp\/v2\/pages"}],"about":[{"href":"https:\/\/anwalt-buss.de\/index.php?rest_route=\/wp\/v2\/types\/page"}],"author":[{"embeddable":true,"href":"https:\/\/anwalt-buss.de\/index.php?rest_route=\/wp\/v2\/users\/1"}],"replies":[{"embeddable":true,"href":"https:\/\/anwalt-buss.de\/index.php?rest_route=%2Fwp%2Fv2%2Fcomments&post=7"}],"version-history":[{"count":1,"href":"https:\/\/anwalt-buss.de\/index.php?rest_route=\/wp\/v2\/pages\/7\/revisions"}],"predecessor-version":[{"id":280,"href":"https:\/\/anwalt-buss.de\/index.php?rest_route=\/wp\/v2\/pages\/7\/revisions\/280"}],"wp:attachment":[{"href":"https:\/\/anwalt-buss.de\/index.php?rest_route=%2Fwp%2Fv2%2Fmedia&parent=7"}],"curies":[{"name":"wp","href":"https:\/\/api.w.org\/{rel}","templated":true}]}}